{"id":1000,"date":"2025-09-24T23:05:22","date_gmt":"2025-09-24T21:05:22","guid":{"rendered":"https:\/\/bytheway.studio\/?page_id=1000"},"modified":"2025-12-30T09:15:48","modified_gmt":"2025-12-30T08:15:48","slug":"politique-de-confidentialite","status":"publish","type":"page","link":"https:\/\/bytheway.studio\/de\/privacy-policy\/","title":{"rendered":"Privacy Policy"},"content":{"rendered":"<p>[et_pb_section fb_built=&#8220;1&#8243; custom_padding_last_edited=&#8220;on|desktop&#8220; _builder_version=&#8220;4.27.5&#8243; _module_preset=&#8220;default&#8220; custom_margin=&#8220;0px||0px||false|false&#8220; custom_padding=&#8220;90px|32px|100px|32px|false|true&#8220; custom_padding_tablet=&#8220;70px|24px|80px|24px|false|true&#8220; custom_padding_phone=&#8220;|16px||16px|false|true&#8220; global_colors_info=&#8220;{}&#8220;][et_pb_row _builder_version=&#8220;4.27.5&#8243; _module_preset=&#8220;default&#8220; max_width=&#8220;846px&#8220; custom_margin=&#8220;0px||0px||false|false&#8220; custom_padding=&#8220;0px||0px||false|false&#8220; animation_style=&#8220;fade&#8220; animation_direction=&#8220;bottom&#8220; animation_duration=&#8220;600ms&#8220; animation_delay=&#8220;600ms&#8220; animation_speed_curve=&#8220;ease-out&#8220; global_colors_info=&#8220;{}&#8220;][et_pb_column type=&#8220;4_4&#8243; _builder_version=&#8220;4.27.4&#8243; _module_preset=&#8220;default&#8220; global_colors_info=&#8220;{}&#8220;][et_pb_text _builder_version=&#8220;4.27.5&#8243; _module_preset=&#8220;default&#8220; header_font_size=&#8220;48px&#8220; header_3_font=&#8220;Manrope SemiBold||||||||&#8220; header_3_font_size=&#8220;80px&#8220; custom_margin=&#8220;0px||32px||false|false&#8220; custom_margin_tablet=&#8220;||28px||false|false&#8220; custom_margin_phone=&#8220;||24px||false|false&#8220; custom_margin_last_edited=&#8220;on|phone&#8220; custom_padding=&#8220;0px||0px||false|false&#8220; hover_enabled=&#8220;0&#8243; header_font_size_tablet=&#8220;40px&#8220; header_font_size_phone=&#8220;32px&#8220; header_font_size_last_edited=&#8220;on|phone&#8220; header_3_font_size_tablet=&#8220;64px&#8220; header_3_font_size_phone=&#8220;48px&#8220; header_3_font_size_last_edited=&#8220;on|phone&#8220; global_colors_info=&#8220;{}&#8220; sticky_enabled=&#8220;0&#8243;]<\/p>\n<h1>Privacy Policy<\/h1>\n<p>[\/et_pb_text][et_pb_text module_class=&#8220;with-title&#8220; _builder_version=&#8220;4.27.5&#8243; _module_preset=&#8220;default&#8220; text_font_size=&#8220;18px&#8220; header_2_text_color=&#8220;#FF5F9B&#8220; header_2_font_size=&#8220;22px&#8220; custom_margin=&#8220;0px||0px||false|false&#8220; custom_margin_tablet=&#8220;||||false|false&#8220; custom_margin_phone=&#8220;||||false|false&#8220; custom_margin_last_edited=&#8220;off|desktop&#8220; custom_padding=&#8220;0px||0px||false|false&#8220; hover_enabled=&#8220;0&#8243; text_font_size_tablet=&#8220;17px&#8220; text_font_size_phone=&#8220;16px&#8220; text_font_size_last_edited=&#8220;on|desktop&#8220; header_2_font_size_tablet=&#8220;20px&#8220; header_2_font_size_phone=&#8220;18px&#8220; header_2_font_size_last_edited=&#8220;on|desktop&#8220; global_colors_info=&#8220;{}&#8220; sticky_enabled=&#8220;0&#8243;]<\/p>\n<p><em>Last update: 30.12.2025<\/em><\/p>\n<h2>1. Data collected<\/h2>\n<p>We only collect data necessary for the proper operation of the website and communication with visitors:<\/p>\n<ul>\n<li>information provided through the contact form (name, email, message);<\/li>\n<li>technical data such as IP address, browser type, and pages visited.<\/li>\n<\/ul>\n<h2>2. Use of data<\/h2>\n<p>Data is used to:<\/p>\n<ul>\n<li>respond to inquiries;<\/li>\n<li>improve the website and its content;<\/li>\n<li>ensure security and traffic analysis.<\/li>\n<\/ul>\n<p>No personal data is sold or rented to third parties.<\/p>\n<h2>3. Cookies<\/h2>\n<p>The website uses functional and analytical cookies.<br \/>Cookie settings can be managed through the browser.<\/p>\n<h2>4. Data sharing<\/h2>\n<p>Data may be processed by technical service providers (hosting, analytics) or when required by law.<\/p>\n<h2>5. User rights<\/h2>\n<p>In accordance with GDPR, you may request access to, correction, or deletion of your personal data.<br \/>Contact: <a href=\"mailto:salut@bytheway.studio\">salut@bytheway.studio<\/a><\/p>\n<p>[\/et_pb_text][\/et_pb_column][\/et_pb_row][\/et_pb_section]<\/p>\n","protected":false},"excerpt":{"rendered":"<p>Privacy PolicyLast update: 30.12.2025 1. Data collected We only collect data necessary for the proper operation of the website and communication with visitors: information provided through the contact form (name, email, message); technical data such as IP address, browser type, and pages visited. 2. Use of data Data is used to: respond to inquiries; improve [&hellip;]<\/p>\n","protected":false},"author":1,"featured_media":0,"parent":0,"menu_order":0,"comment_status":"closed","ping_status":"closed","template":"","meta":{"_et_pb_use_builder":"on","_et_pb_old_content":"[et_pb_section fb_built=\"1\" custom_padding_last_edited=\"on|desktop\" _builder_version=\"4.27.5\" _module_preset=\"default\" custom_margin=\"0px||0px||false|false\" custom_padding=\"90px|32px|100px|32px|false|true\" custom_padding_tablet=\"70px|24px|80px|24px|false|true\" custom_padding_phone=\"|16px||16px|false|true\" global_colors_info=\"{}\"][et_pb_row _builder_version=\"4.27.5\" _module_preset=\"default\" max_width=\"846px\" custom_margin=\"0px||0px||false|false\" custom_padding=\"0px||0px||false|false\" animation_style=\"fade\" animation_direction=\"bottom\" animation_duration=\"600ms\" animation_delay=\"600ms\" animation_speed_curve=\"ease-out\" hover_enabled=\"0\" global_colors_info=\"{}\" sticky_enabled=\"0\"][et_pb_column type=\"4_4\" _builder_version=\"4.27.4\" _module_preset=\"default\" global_colors_info=\"{}\"][et_pb_text _builder_version=\"4.27.5\" _module_preset=\"default\" header_font_size=\"48px\" header_3_font=\"Manrope SemiBold||||||||\" header_3_font_size=\"80px\" custom_margin=\"0px||32px||false|false\" custom_margin_tablet=\"||28px||false|false\" custom_margin_phone=\"||24px||false|false\" custom_margin_last_edited=\"on|phone\" custom_padding=\"0px||0px||false|false\" header_font_size_tablet=\"40px\" header_font_size_phone=\"32px\" header_font_size_last_edited=\"on|phone\" header_3_font_size_tablet=\"64px\" header_3_font_size_phone=\"48px\" header_3_font_size_last_edited=\"on|phone\" global_colors_info=\"{}\"]\n<h1>Politique de confidentialit\u00e9<\/h1>\n[\/et_pb_text][et_pb_text module_class=\"with-title\" _builder_version=\"4.27.5\" _module_preset=\"default\" text_font_size=\"18px\" header_2_text_color=\"#FF5F9B\" header_2_font_size=\"22px\" custom_margin=\"0px||0px||false|false\" custom_margin_tablet=\"||||false|false\" custom_margin_phone=\"||||false|false\" custom_margin_last_edited=\"off|desktop\" custom_padding=\"0px||0px||false|false\" text_font_size_tablet=\"17px\" text_font_size_phone=\"16px\" text_font_size_last_edited=\"on|desktop\" header_2_font_size_tablet=\"20px\" header_2_font_size_phone=\"18px\" header_2_font_size_last_edited=\"on|desktop\" global_colors_info=\"{}\"]\n\n<em>Derni\u00e8re mise \u00e0 jour : 30.12.2025<\/em>\n<h2>1. Donn\u00e9es collect\u00e9es<\/h2>\nNous collectons uniquement les donn\u00e9es n\u00e9cessaires au bon fonctionnement du site et aux \u00e9changes avec les visiteurs :\n<ul>\n \t<li>informations fournies via le formulaire de contact (nom, e-mail, message) ;<\/li>\n \t<li>donn\u00e9es techniques telles que l\u2019adresse IP, le navigateur et les pages consult\u00e9es.<\/li>\n<\/ul>\n<h2>2. Utilisation des donn\u00e9es<\/h2>\nLes donn\u00e9es sont utilis\u00e9es pour :\n<ul>\n \t<li>r\u00e9pondre aux demandes ;<\/li>\n \t<li>am\u00e9liorer le site et son contenu ;<\/li>\n \t<li>assurer la s\u00e9curit\u00e9 et l\u2019analyse du trafic.<\/li>\n<\/ul>\nAucune donn\u00e9e personnelle n\u2019est vendue ou lou\u00e9e \u00e0 des tiers.\n<h2>3. Cookies<\/h2>\nLe site utilise des cookies fonctionnels et analytiques.\nLes param\u00e8tres de cookies peuvent \u00eatre modifi\u00e9s via le navigateur.\n<h2>4. Partage des donn\u00e9es<\/h2>\nLes donn\u00e9es peuvent \u00eatre trait\u00e9es par des prestataires techniques (h\u00e9bergement, outils d\u2019analyse) ou lorsque la loi l\u2019exige.\n<h2>5. Droits des utilisateurs<\/h2>\nConform\u00e9ment au RGPD, tu peux demander l\u2019acc\u00e8s, la rectification ou la suppression de tes donn\u00e9es.\nContact : <a href=\"mailto:salut@bytheway.studio\">salut@bytheway.studio<\/a>\n\n[\/et_pb_text][\/et_pb_column][\/et_pb_row][\/et_pb_section]","_et_gb_content_width":"","footnotes":""},"class_list":["post-1000","page","type-page","status-publish","hentry"],"_links":{"self":[{"href":"https:\/\/bytheway.studio\/de\/wp-json\/wp\/v2\/pages\/1000","targetHints":{"allow":["GET"]}}],"collection":[{"href":"https:\/\/bytheway.studio\/de\/wp-json\/wp\/v2\/pages"}],"about":[{"href":"https:\/\/bytheway.studio\/de\/wp-json\/wp\/v2\/types\/page"}],"author":[{"embeddable":true,"href":"https:\/\/bytheway.studio\/de\/wp-json\/wp\/v2\/users\/1"}],"replies":[{"embeddable":true,"href":"https:\/\/bytheway.studio\/de\/wp-json\/wp\/v2\/comments?post=1000"}],"version-history":[{"count":9,"href":"https:\/\/bytheway.studio\/de\/wp-json\/wp\/v2\/pages\/1000\/revisions"}],"predecessor-version":[{"id":1009,"href":"https:\/\/bytheway.studio\/de\/wp-json\/wp\/v2\/pages\/1000\/revisions\/1009"}],"wp:attachment":[{"href":"https:\/\/bytheway.studio\/de\/wp-json\/wp\/v2\/media?parent=1000"}],"curies":[{"name":"wp","href":"https:\/\/api.w.org\/{rel}","templated":true}]}}