{"id":448,"date":"2025-02-25T14:05:08","date_gmt":"2025-02-25T13:05:08","guid":{"rendered":"https:\/\/bytheway.studio\/?page_id=448"},"modified":"2025-12-15T17:27:39","modified_gmt":"2025-12-15T16:27:39","slug":"kontakt","status":"publish","type":"page","link":"https:\/\/bytheway.studio\/de\/kontakt\/","title":{"rendered":"Kontakt"},"content":{"rendered":"<p>[et_pb_section fb_built=&#8220;1&#8243; custom_padding_last_edited=&#8220;on|desktop&#8220; module_class=&#8220;section_contact&#8220; _builder_version=&#8220;4.27.4&#8243; _module_preset=&#8220;default&#8220; custom_margin=&#8220;0px||0px||false|false&#8220; custom_padding=&#8220;128px|32px|100px|32px|false|true&#8220; custom_padding_tablet=&#8220;104px|24px|80px|24px|false|true&#8220; custom_padding_phone=&#8220;80px|16px||16px|false|true&#8220; global_colors_info=&#8220;{}&#8220;][et_pb_row use_custom_gutter=&#8220;on&#8220; gutter_width=&#8220;1&#8243; make_equal=&#8220;on&#8220; _builder_version=&#8220;4.27.4&#8243; _module_preset=&#8220;default&#8220; custom_margin=&#8220;0px||64px||false|false&#8220; custom_margin_tablet=&#8220;||56px||false|false&#8220; custom_margin_phone=&#8220;||48px||false|false&#8220; custom_margin_last_edited=&#8220;on|desktop&#8220; custom_padding=&#8220;0px||0px||false|false&#8220; animation_style=&#8220;slide&#8220; animation_direction=&#8220;right&#8220; animation_duration=&#8220;600ms&#8220; animation_delay=&#8220;600ms&#8220; animation_intensity_slide=&#8220;10%&#8220; animation_speed_curve=&#8220;ease-out&#8220; global_colors_info=&#8220;{}&#8220;][et_pb_column type=&#8220;4_4&#8243; _builder_version=&#8220;4.27.4&#8243; _module_preset=&#8220;default&#8220; global_colors_info=&#8220;{}&#8220;][et_pb_blurb title=&#8220;Get in Touch&#8220; image=&#8220;https:\/\/bytheway.studio\/wp-content\/uploads\/\/2025\/09\/logo_b.svg&#8220; icon_placement=&#8220;left&#8220; image_icon_width=&#8220;80px&#8220; content_max_width=&#8220;100%&#8220; image_icon_width_tablet=&#8220;60px&#8220; image_icon_width_phone=&#8220;40px&#8220; image_icon_width_last_edited=&#8220;on|desktop&#8220; _builder_version=&#8220;4.27.4&#8243; _module_preset=&#8220;default&#8220; header_level=&#8220;h1&#8243; header_font_size=&#8220;72px&#8220; custom_margin=&#8220;0px||0px||false|false&#8220; custom_padding=&#8220;0px||0px||false|false&#8220; header_font_size_tablet=&#8220;56px&#8220; header_font_size_phone=&#8220;40px&#8220; header_font_size_last_edited=&#8220;on|desktop&#8220; global_colors_info=&#8220;{}&#8220;][\/et_pb_blurb][\/et_pb_column][\/et_pb_row][et_pb_row column_structure=&#8220;1_3,2_3&#8243; _builder_version=&#8220;4.27.4&#8243; _module_preset=&#8220;default&#8220; custom_margin=&#8220;0px||0px||false|false&#8220; custom_margin_tablet=&#8220;||||false|false&#8220; custom_margin_phone=&#8220;||||false|false&#8220; custom_margin_last_edited=&#8220;off|desktop&#8220; custom_padding=&#8220;0px||0px||false|false&#8220; animation_style=&#8220;slide&#8220; animation_direction=&#8220;bottom&#8220; animation_duration=&#8220;600ms&#8220; animation_delay=&#8220;600ms&#8220; animation_intensity_slide=&#8220;20%&#8220; global_colors_info=&#8220;{}&#8220;][et_pb_column type=&#8220;1_3&#8243; _builder_version=&#8220;4.27.4&#8243; _module_preset=&#8220;default&#8220; custom_padding_tablet=&#8220;||26px||false|false&#8220; custom_padding_phone=&#8220;||18px||false|false&#8220; custom_padding_last_edited=&#8220;on|phone&#8220; animation_style=&#8220;fade&#8220; animation_duration=&#8220;600ms&#8220; animation_delay=&#8220;600ms&#8220; global_colors_info=&#8220;{}&#8220;][et_pb_text _builder_version=&#8220;4.27.5&#8243; _module_preset=&#8220;default&#8220; text_font=&#8220;Post Box Regular||||||||&#8220; text_text_color=&#8220;#FF5F9B&#8220; text_font_size=&#8220;32px&#8220; custom_margin=&#8220;0px||0px||false|false&#8220; custom_padding=&#8220;0px||0px||false|false&#8220; text_font_size_tablet=&#8220;28px&#8220; text_font_size_phone=&#8220;24px&#8220; text_font_size_last_edited=&#8220;on|phone&#8220; global_colors_info=&#8220;{}&#8220;]<\/p>\n<p>Freiburg<\/p>\n<p>[\/et_pb_text][et_pb_text _builder_version=&#8220;4.27.4&#8243; _module_preset=&#8220;default&#8220; max_width=&#8220;610px&#8220; custom_margin=&#8220;0px||32px||false|false&#8220; custom_margin_tablet=&#8220;||28px||false|false&#8220; custom_margin_phone=&#8220;||24px||false|false&#8220; custom_margin_last_edited=&#8220;on|desktop&#8220; custom_padding=&#8220;0px||0px||false|false&#8220; text_font_size_tablet=&#8220;20px&#8220; text_font_size_phone=&#8220;18px&#8220; text_font_size_last_edited=&#8220;on|desktop&#8220; global_colors_info=&#8220;{}&#8220;]Rue du Centre 18<br \/>\n1752 Villars-sur-Gl\u00e2ne<br \/>\n+41 26 424 48 08<br \/>\n<a href=\"mailto:fribourg@bytheway.studio\">fribourg@bytheway.studio<\/a>[\/et_pb_text][et_pb_text _builder_version=&#8220;4.27.4&#8243; _module_preset=&#8220;default&#8220; text_font=&#8220;Post Box Regular||||||||&#8220; text_text_color=&#8220;#FF5F9B&#8220; text_font_size=&#8220;32px&#8220; custom_margin=&#8220;0px||0px||false|false&#8220; custom_padding=&#8220;0px||0px||false|false&#8220; text_font_size_tablet=&#8220;28px&#8220; text_font_size_phone=&#8220;24px&#8220; text_font_size_last_edited=&#8220;on|phone&#8220; global_colors_info=&#8220;{}&#8220;]Thun[\/et_pb_text][et_pb_text _builder_version=&#8220;4.27.5&#8243; _module_preset=&#8220;default&#8220; max_width=&#8220;610px&#8220; custom_margin=&#8220;0px||32px||false|false&#8220; custom_margin_tablet=&#8220;||28px||false|false&#8220; custom_margin_phone=&#8220;||24px||false|false&#8220; custom_margin_last_edited=&#8220;on|desktop&#8220; custom_padding=&#8220;0px||0px||false|false&#8220; text_font_size_tablet=&#8220;20px&#8220; text_font_size_phone=&#8220;18px&#8220; text_font_size_last_edited=&#8220;on|desktop&#8220; global_colors_info=&#8220;{}&#8220;]<\/p>\n<p>FrachtRaum Seestrasse 14<br \/>3600 Thun<br \/><a href=\"tel:+41796795702\">+41 79 679 57 02<\/a><br \/><a href=\"mailto:thun@bytheway.studio\">thun@bytheway.studio<\/a><\/p>\n<p>[\/et_pb_text][et_pb_text _builder_version=&#8220;4.27.4&#8243; _module_preset=&#8220;default&#8220; text_font=&#8220;Post Box Regular||||||||&#8220; text_text_color=&#8220;#FF5F9B&#8220; text_font_size=&#8220;32px&#8220; custom_margin=&#8220;0px||0px||false|false&#8220; custom_padding=&#8220;0px||0px||false|false&#8220; text_font_size_tablet=&#8220;28px&#8220; text_font_size_phone=&#8220;24px&#8220; text_font_size_last_edited=&#8220;on|phone&#8220; global_colors_info=&#8220;{}&#8220;]Sion[\/et_pb_text][et_pb_text _builder_version=&#8220;4.27.4&#8243; _module_preset=&#8220;default&#8220; max_width=&#8220;610px&#8220; custom_margin=&#8220;0px||32px||false|false&#8220; custom_margin_tablet=&#8220;||28px||false|false&#8220; custom_margin_phone=&#8220;||24px||false|false&#8220; custom_margin_last_edited=&#8220;on|desktop&#8220; custom_padding=&#8220;0px||0px||false|false&#8220; text_font_size_tablet=&#8220;20px&#8220; text_font_size_phone=&#8220;18px&#8220; text_font_size_last_edited=&#8220;on|desktop&#8220; global_colors_info=&#8220;{}&#8220;]Rue de la Blanchette 61<br \/>\n1950 Sion<br \/>\n<a href=\"mailto:sion@bytheway.studio\">sion@bytheway.studio<\/a>[\/et_pb_text][et_pb_text _builder_version=&#8220;4.27.5&#8243; _module_preset=&#8220;default&#8220; text_font=&#8220;Post Box Regular||||||||&#8220; text_text_color=&#8220;#FF5F9B&#8220; text_font_size=&#8220;32px&#8220; custom_margin=&#8220;0px||0px||false|false&#8220; custom_padding=&#8220;0px||0px||false|false&#8220; hover_enabled=&#8220;0&#8243; text_font_size_tablet=&#8220;28px&#8220; text_font_size_phone=&#8220;24px&#8220; text_font_size_last_edited=&#8220;on|phone&#8220; global_colors_info=&#8220;{}&#8220; sticky_enabled=&#8220;0&#8243;]<\/p>\n<p>Schreibe uns!<\/p>\n<p>[\/et_pb_text][et_pb_text _builder_version=&#8220;4.27.4&#8243; _module_preset=&#8220;default&#8220; max_width=&#8220;610px&#8220; custom_margin=&#8220;0px||0px||false|false&#8220; custom_margin_tablet=&#8220;||||false|false&#8220; custom_margin_phone=&#8220;||||false|false&#8220; custom_margin_last_edited=&#8220;off|desktop&#8220; custom_padding=&#8220;0px||0px||false|false&#8220; text_font_size_tablet=&#8220;20px&#8220; text_font_size_phone=&#8220;18px&#8220; text_font_size_last_edited=&#8220;on|desktop&#8220; global_colors_info=&#8220;{}&#8220;]<a href=\"mailto:salut@bytheway.studio\">salut@bytheway.studio<\/a>[\/et_pb_text][\/et_pb_column][et_pb_column type=&#8220;2_3&#8243; _builder_version=&#8220;4.27.4&#8243; _module_preset=&#8220;default&#8220; animation_style=&#8220;fade&#8220; animation_duration=&#8220;600ms&#8220; animation_delay=&#8220;600ms&#8220; global_colors_info=&#8220;{}&#8220;][et_pb_text _builder_version=&#8220;4.27.5&#8243; _module_preset=&#8220;default&#8220; header_2_font_size=&#8220;48px&#8220; custom_margin=&#8220;0px||32px||false|false&#8220; custom_margin_tablet=&#8220;||28px||false|false&#8220; custom_margin_phone=&#8220;||24px||false|false&#8220; custom_margin_last_edited=&#8220;on|desktop&#8220; custom_padding=&#8220;0px||0px||false|false&#8220; header_2_font_size_tablet=&#8220;40px&#8220; header_2_font_size_phone=&#8220;32px&#8220; header_2_font_size_last_edited=&#8220;on|phone&#8220; global_colors_info=&#8220;{}&#8220;]<\/p>\n<h2>Haben Sie viele Ideen? Wir sind da, um sie in die Realit\u00e4t umzusetzen.<\/h2>\n<p>[\/et_pb_text][wpforms_selector form_id=&#8220;324&#8243; _builder_version=&#8220;4.27.4&#8243; _module_preset=&#8220;default&#8220; custom_margin=&#8220;0px||0px||false|false&#8220; custom_padding=&#8220;0px||0px||false|false&#8220; global_colors_info=&#8220;{}&#8220;][\/wpforms_selector][\/et_pb_column][\/et_pb_row][\/et_pb_section]<\/p>\n","protected":false},"excerpt":{"rendered":"<p>FreiburgRue du Centre 18 1752 Villars-sur-Gl\u00e2ne +41 26 424 48 08 fribourg@bytheway.studioThunFrachtRaum Seestrasse 143600 Thun+41 79 679 57 02thun@bytheway.studioSionRue de la Blanchette 61 1950 Sion sion@bytheway.studioSchreibe uns!salut@bytheway.studioHaben Sie viele Ideen? Wir sind da, um sie in die Realit\u00e4t umzusetzen.<div class=\"et_pb_module wpforms_selector wpforms_selector_0\">\n\t\t\t\t\n\t\t\t\t\n\t\t\t\t\n\t\t\t\t\n\t\t\t\t\n\t\t\t\t\n\t\t\t\t<div class=\"et_pb_module_inner\">\n\t\t\t\t\t<style id=\"wpforms-css-vars-324\">\n\t\t\t\t#wpforms-324 {\n\t\t\t\t--wpforms-field-size-input-height: 43px;\n--wpforms-field-size-input-spacing: 15px;\n--wpforms-field-size-font-size: 16px;\n--wpforms-field-size-line-height: 19px;\n--wpforms-field-size-padding-h: 14px;\n--wpforms-field-size-checkbox-size: 16px;\n--wpforms-field-size-sublabel-spacing: 5px;\n--wpforms-field-size-icon-size: 1;\n--wpforms-label-size-font-size: 16px;\n--wpforms-label-size-line-height: 19px;\n--wpforms-label-size-sublabel-font-size: 14px;\n--wpforms-label-size-sublabel-line-height: 17px;\n--wpforms-button-size-font-size: 17px;\n--wpforms-button-size-height: 41px;\n--wpforms-button-size-padding-h: 15px;\n--wpforms-button-size-margin-top: 10px;\n--wpforms-container-shadow-size-box-shadow: none;\n\t\t\t}\n\t\t\t<\/style><div class=\"wpforms-container wpforms-container-full wpforms-render-modern\" id=\"wpforms-324\"><form id=\"wpforms-form-324\" class=\"wpforms-validate wpforms-form wpforms-ajax-form\" data-formid=\"324\" method=\"post\" enctype=\"multipart\/form-data\" action=\"\/de\/wp-json\/wp\/v2\/pages\/448\" data-token=\"ed74dd00ad43111c88218463d93f5a84\" data-token-time=\"1775406483\"><noscript class=\"wpforms-error-noscript\">Bitte aktiviere JavaScript in deinem Browser, um dieses Formular fertigzustellen.<\/noscript><div id=\"wpforms-error-noscript\" style=\"display: none;\">Bitte aktiviere JavaScript in deinem Browser, um dieses Formular fertigzustellen.<\/div><div class=\"wpforms-field-container\"><div id=\"wpforms-324-field_1-container\" class=\"wpforms-field wpforms-field-layout\" data-field-id=\"1\"><div class=\"wpforms-field-layout-rows wpforms-field-large\"><div class=\"wpforms-layout-row\"><div class=\"wpforms-layout-column wpforms-layout-column-33\"><div id=\"wpforms-324-field_2-container\" class=\"wpforms-field wpforms-field-text\" data-field-id=\"2\"><label class=\"wpforms-field-label wpforms-label-hide\" for=\"wpforms-324-field_2\" aria-hidden=\"false\">Vorname <span class=\"wpforms-required-label\" aria-hidden=\"true\">*<\/span><\/label><input type=\"text\" id=\"wpforms-324-field_2\" class=\"wpforms-field-large wpforms-field-required\" name=\"wpforms[fields][2]\" placeholder=\"Vorname *\" aria-errormessage=\"wpforms-324-field_2-error\" required><\/div><\/div><div class=\"wpforms-layout-column wpforms-layout-column-33\"><div id=\"wpforms-324-field_3-container\" class=\"wpforms-field wpforms-field-text\" data-field-id=\"3\"><label class=\"wpforms-field-label wpforms-label-hide\" for=\"wpforms-324-field_3\" aria-hidden=\"false\">Name <span class=\"wpforms-required-label\" aria-hidden=\"true\">*<\/span><\/label><input type=\"text\" id=\"wpforms-324-field_3\" class=\"wpforms-field-large wpforms-field-required\" name=\"wpforms[fields][3]\" placeholder=\"Name *\" aria-errormessage=\"wpforms-324-field_3-error\" required><\/div><\/div><div class=\"wpforms-layout-column wpforms-layout-column-33\"><div id=\"wpforms-324-field_4-container\" class=\"wpforms-field wpforms-field-email\" data-field-id=\"4\"><label class=\"wpforms-field-label wpforms-label-hide\" for=\"wpforms-324-field_4\" aria-hidden=\"false\">E-Mail-Adresse <span class=\"wpforms-required-label\" aria-hidden=\"true\">*<\/span><\/label><input type=\"email\" id=\"wpforms-324-field_4\" class=\"wpforms-field-large wpforms-field-required\" name=\"wpforms[fields][4]\" placeholder=\"E-Mail-Adresse *\" spellcheck=\"false\" aria-errormessage=\"wpforms-324-field_4-error\" required><\/div><\/div><\/div><\/div><\/div>\t\t<div id=\"wpforms-324-field_6-container\"\n\t\t\tclass=\"wpforms-field wpforms-field-text\"\n\t\t\tdata-field-type=\"text\"\n\t\t\tdata-field-id=\"6\"\n\t\t\t>\n\t\t\t<label class=\"wpforms-field-label\" for=\"wpforms-324-field_6\" >en page Mise<\/label>\n\t\t\t<input type=\"text\" id=\"wpforms-324-field_6\" class=\"wpforms-field-medium\" name=\"wpforms[fields][6]\" >\n\t\t<\/div>\n\t\t<div id=\"wpforms-324-field_5-container\" class=\"wpforms-field wpforms-field-textarea\" data-field-id=\"5\"><label class=\"wpforms-field-label wpforms-label-hide\" for=\"wpforms-324-field_5\" aria-hidden=\"false\">Nachricht <span class=\"wpforms-required-label\" aria-hidden=\"true\">*<\/span><\/label><textarea id=\"wpforms-324-field_5\" class=\"wpforms-field-large wpforms-field-required\" name=\"wpforms[fields][5]\" placeholder=\"Nachricht *\" aria-errormessage=\"wpforms-324-field_5-error\" required><\/textarea><\/div><script>\n\t\t\t\t( function() {\n\t\t\t\t\tconst style = document.createElement( 'style' );\n\t\t\t\t\tstyle.appendChild( document.createTextNode( '#wpforms-324-field_6-container { position: absolute !important; overflow: hidden !important; display: inline !important; height: 1px !important; width: 1px !important; z-index: -1000 !important; padding: 0 !important; } #wpforms-324-field_6-container input { visibility: hidden; } #wpforms-conversational-form-page #wpforms-324-field_6-container label { counter-increment: none; }' ) );\n\t\t\t\t\tdocument.head.appendChild( style );\n\t\t\t\t\tdocument.currentScript?.remove();\n\t\t\t\t} )();\n\t\t\t<\/script><\/div><!-- .wpforms-field-container --><div class=\"wpforms-submit-container\" ><input type=\"hidden\" name=\"wpforms[id]\" value=\"324\"><input type=\"hidden\" name=\"page_title\" value=\"\"><input type=\"hidden\" name=\"page_url\" value=\"https:\/\/bytheway.studio\/de\/wp-json\/wp\/v2\/pages\/448\"><input type=\"hidden\" name=\"url_referer\" value=\"\"><button type=\"submit\" name=\"wpforms[submit]\" id=\"wpforms-submit-324\" class=\"wpforms-submit\" data-alt-text=\"Senden...\" data-submit-text=\"Senden\" aria-live=\"assertive\" value=\"wpforms-submit\">Senden<\/button><img loading=\"lazy\" decoding=\"async\" src=\"https:\/\/bytheway.studio\/wp-content\/plugins\/wpforms\/assets\/images\/submit-spin.svg\" class=\"wpforms-submit-spinner\" style=\"display: none;\" width=\"26\" height=\"26\" alt=\"Wird geladen\"><\/div><\/form><\/div>  <!-- .wpforms-container -->\n\t\t\t\t<\/div>\n\t\t\t<\/div><\/p>\n","protected":false},"author":1,"featured_media":0,"parent":0,"menu_order":0,"comment_status":"closed","ping_status":"closed","template":"","meta":{"_et_pb_use_builder":"on","_et_pb_old_content":"[et_pb_section fb_built=\"1\" custom_padding_last_edited=\"on|desktop\" module_class=\"section_contact\" _builder_version=\"4.27.4\" _module_preset=\"default\" custom_margin=\"0px||0px||false|false\" custom_padding=\"128px|32px|100px|32px|false|true\" custom_padding_tablet=\"104px|24px|80px|24px|false|true\" custom_padding_phone=\"80px|16px||16px|false|true\" global_colors_info=\"{}\"][et_pb_row use_custom_gutter=\"on\" gutter_width=\"1\" make_equal=\"on\" _builder_version=\"4.27.4\" _module_preset=\"default\" custom_margin=\"0px||64px||false|false\" custom_margin_tablet=\"||56px||false|false\" custom_margin_phone=\"||48px||false|false\" custom_margin_last_edited=\"on|desktop\" custom_padding=\"0px||0px||false|false\" animation_style=\"slide\" animation_direction=\"right\" animation_duration=\"600ms\" animation_delay=\"600ms\" animation_intensity_slide=\"10%\" animation_speed_curve=\"ease-out\" hover_enabled=\"0\" global_colors_info=\"{}\" sticky_enabled=\"0\"][et_pb_column type=\"4_4\" _builder_version=\"4.27.4\" _module_preset=\"default\" global_colors_info=\"{}\"][et_pb_blurb title=\"Get in Touch\" image=\"https:\/\/bytheway.studio\/wp-content\/uploads\/2025\/09\/logo_b.svg\" icon_placement=\"left\" image_icon_width=\"80px\" content_max_width=\"100%\" image_icon_width_tablet=\"60px\" image_icon_width_phone=\"40px\" image_icon_width_last_edited=\"on|desktop\" _builder_version=\"4.27.4\" _module_preset=\"default\" header_level=\"h1\" header_font_size=\"72px\" custom_margin=\"0px||0px||false|false\" custom_padding=\"0px||0px||false|false\" header_font_size_tablet=\"56px\" header_font_size_phone=\"40px\" header_font_size_last_edited=\"on|desktop\" global_colors_info=\"{}\"][\/et_pb_blurb][\/et_pb_column][\/et_pb_row][et_pb_row column_structure=\"1_3,2_3\" _builder_version=\"4.27.4\" _module_preset=\"default\" custom_margin=\"0px||0px||false|false\" custom_margin_tablet=\"||||false|false\" custom_margin_phone=\"||||false|false\" custom_margin_last_edited=\"off|desktop\" custom_padding=\"0px||0px||false|false\" animation_style=\"slide\" animation_direction=\"bottom\" animation_duration=\"600ms\" animation_delay=\"600ms\" animation_intensity_slide=\"20%\" hover_enabled=\"0\" global_colors_info=\"{}\" sticky_enabled=\"0\"][et_pb_column type=\"1_3\" _builder_version=\"4.27.4\" _module_preset=\"default\" custom_padding_tablet=\"||26px||false|false\" custom_padding_phone=\"||18px||false|false\" custom_padding_last_edited=\"on|phone\" hover_enabled=\"0\" global_colors_info=\"{}\" animation_style=\"fade\" animation_duration=\"600ms\" animation_delay=\"600ms\" sticky_enabled=\"0\"][et_pb_text _builder_version=\"4.27.4\" _module_preset=\"default\" text_font=\"Post Box Regular||||||||\" text_text_color=\"#FF5F9B\" text_font_size=\"32px\" custom_margin=\"0px||0px||false|false\" custom_padding=\"0px||0px||false|false\" text_font_size_tablet=\"28px\" text_font_size_phone=\"24px\" text_font_size_last_edited=\"on|phone\" global_colors_info=\"{}\"]\n\nFribourg\n\n[\/et_pb_text][et_pb_text _builder_version=\"4.27.4\" _module_preset=\"default\" max_width=\"610px\" custom_margin=\"0px||32px||false|false\" custom_margin_tablet=\"||28px||false|false\" custom_margin_phone=\"||24px||false|false\" custom_margin_last_edited=\"on|desktop\" custom_padding=\"0px||0px||false|false\" text_font_size_tablet=\"20px\" text_font_size_phone=\"18px\" text_font_size_last_edited=\"on|desktop\" global_colors_info=\"{}\"]\n\nRue du Centre 18\n1752 Villars-sur-Gl\u00e2ne\n+41 26 424 48 08\n<a href=\"mailto:fribourg@bytheway.studio\">fribourg@bytheway.studio<\/a>\n\n[\/et_pb_text][et_pb_text _builder_version=\"4.27.4\" _module_preset=\"default\" text_font=\"Post Box Regular||||||||\" text_text_color=\"#FF5F9B\" text_font_size=\"32px\" custom_margin=\"0px||0px||false|false\" custom_padding=\"0px||0px||false|false\" text_font_size_tablet=\"28px\" text_font_size_phone=\"24px\" text_font_size_last_edited=\"on|phone\" global_colors_info=\"{}\"]\n\nThun\n\n[\/et_pb_text][et_pb_text _builder_version=\"4.27.4\" _module_preset=\"default\" max_width=\"610px\" custom_margin=\"0px||32px||false|false\" custom_margin_tablet=\"||28px||false|false\" custom_margin_phone=\"||24px||false|false\" custom_margin_last_edited=\"on|desktop\" custom_padding=\"0px||0px||false|false\" text_font_size_tablet=\"20px\" text_font_size_phone=\"18px\" text_font_size_last_edited=\"on|desktop\" global_colors_info=\"{}\"]\n\nFrachtRaum Seestrasse 14\n3600 Thun\n<a href=\"tel:+41796795702\">+41 79 679 57 02<\/a>\n<a href=\"mailto:thun@bytheway.studio\">thun@bytheway.studio<\/a>\n\n[\/et_pb_text][et_pb_text _builder_version=\"4.27.4\" _module_preset=\"default\" text_font=\"Post Box Regular||||||||\" text_text_color=\"#FF5F9B\" text_font_size=\"32px\" custom_margin=\"0px||0px||false|false\" custom_padding=\"0px||0px||false|false\" text_font_size_tablet=\"28px\" text_font_size_phone=\"24px\" text_font_size_last_edited=\"on|phone\" global_colors_info=\"{}\"]\n\nSion\n\n[\/et_pb_text][et_pb_text _builder_version=\"4.27.4\" _module_preset=\"default\" max_width=\"610px\" custom_margin=\"0px||32px||false|false\" custom_margin_tablet=\"||28px||false|false\" custom_margin_phone=\"||24px||false|false\" custom_margin_last_edited=\"on|desktop\" custom_padding=\"0px||0px||false|false\" text_font_size_tablet=\"20px\" text_font_size_phone=\"18px\" text_font_size_last_edited=\"on|desktop\" global_colors_info=\"{}\"]\n\nRue de la Blanchette 61\n1950 Sion\n<a href=\"mailto:sion@bytheway.studio\">sion@bytheway.studio<\/a>\n\n[\/et_pb_text][et_pb_text _builder_version=\"4.27.4\" _module_preset=\"default\" text_font=\"Post Box Regular||||||||\" text_text_color=\"#FF5F9B\" text_font_size=\"32px\" custom_margin=\"0px||0px||false|false\" custom_padding=\"0px||0px||false|false\" text_font_size_tablet=\"28px\" text_font_size_phone=\"24px\" text_font_size_last_edited=\"on|phone\" global_colors_info=\"{}\"]\n\n\u00c9cris-nous !\n\n[\/et_pb_text][et_pb_text _builder_version=\"4.27.4\" _module_preset=\"default\" max_width=\"610px\" custom_margin=\"0px||0px||false|false\" custom_margin_tablet=\"||||false|false\" custom_margin_phone=\"||||false|false\" custom_margin_last_edited=\"off|desktop\" custom_padding=\"0px||0px||false|false\" text_font_size_tablet=\"20px\" text_font_size_phone=\"18px\" text_font_size_last_edited=\"on|desktop\" global_colors_info=\"{}\"]\n\n<a href=\"mailto:salut@bytheway.studio\">salut@bytheway.studio<\/a>\n\n[\/et_pb_text][\/et_pb_column][et_pb_column type=\"2_3\" _builder_version=\"4.27.4\" _module_preset=\"default\" hover_enabled=\"0\" global_colors_info=\"{}\" animation_style=\"fade\" animation_duration=\"600ms\" animation_delay=\"600ms\" sticky_enabled=\"0\"][et_pb_text _builder_version=\"4.27.4\" _module_preset=\"default\" header_2_font_size=\"48px\" custom_margin=\"0px||32px||false|false\" custom_margin_tablet=\"||28px||false|false\" custom_margin_phone=\"||24px||false|false\" custom_margin_last_edited=\"on|desktop\" custom_padding=\"0px||0px||false|false\" header_2_font_size_tablet=\"40px\" header_2_font_size_phone=\"32px\" header_2_font_size_last_edited=\"on|phone\" global_colors_info=\"{}\"]\n<h2>Des id\u00e9es plein la t\u00eate ? On est l\u00e0 pour les transformer en r\u00e9alit\u00e9.<\/h2>\n[\/et_pb_text][wpforms_selector form_id=\"324\" _builder_version=\"4.27.4\" _module_preset=\"default\" custom_margin=\"0px||0px||false|false\" custom_padding=\"0px||0px||false|false\" global_colors_info=\"{}\"][\/wpforms_selector][\/et_pb_column][\/et_pb_row][\/et_pb_section]","_et_gb_content_width":"","footnotes":""},"class_list":["post-448","page","type-page","status-publish","hentry"],"_links":{"self":[{"href":"https:\/\/bytheway.studio\/de\/wp-json\/wp\/v2\/pages\/448","targetHints":{"allow":["GET"]}}],"collection":[{"href":"https:\/\/bytheway.studio\/de\/wp-json\/wp\/v2\/pages"}],"about":[{"href":"https:\/\/bytheway.studio\/de\/wp-json\/wp\/v2\/types\/page"}],"author":[{"embeddable":true,"href":"https:\/\/bytheway.studio\/de\/wp-json\/wp\/v2\/users\/1"}],"replies":[{"embeddable":true,"href":"https:\/\/bytheway.studio\/de\/wp-json\/wp\/v2\/comments?post=448"}],"version-history":[{"count":12,"href":"https:\/\/bytheway.studio\/de\/wp-json\/wp\/v2\/pages\/448\/revisions"}],"predecessor-version":[{"id":536,"href":"https:\/\/bytheway.studio\/de\/wp-json\/wp\/v2\/pages\/448\/revisions\/536"}],"wp:attachment":[{"href":"https:\/\/bytheway.studio\/de\/wp-json\/wp\/v2\/media?parent=448"}],"curies":[{"name":"wp","href":"https:\/\/api.w.org\/{rel}","templated":true}]}}