{"id":990,"date":"2025-09-24T23:05:31","date_gmt":"2025-09-24T21:05:31","guid":{"rendered":"https:\/\/bytheway.studio\/?page_id=990"},"modified":"2025-12-30T09:12:02","modified_gmt":"2025-12-30T08:12:02","slug":"conditions-dutilisation","status":"publish","type":"page","link":"https:\/\/bytheway.studio\/de\/terms-of-service\/","title":{"rendered":"Terms of Service"},"content":{"rendered":"<p>[et_pb_section fb_built=&#8220;1&#8243; custom_padding_last_edited=&#8220;on|desktop&#8220; _builder_version=&#8220;4.27.5&#8243; _module_preset=&#8220;default&#8220; custom_margin=&#8220;0px||0px||false|false&#8220; custom_padding=&#8220;90px|32px|100px|32px|false|true&#8220; custom_padding_tablet=&#8220;70px|24px|80px|24px|false|true&#8220; custom_padding_phone=&#8220;|16px||16px|false|true&#8220; global_colors_info=&#8220;{}&#8220;][et_pb_row _builder_version=&#8220;4.27.5&#8243; _module_preset=&#8220;default&#8220; max_width=&#8220;846px&#8220; custom_margin=&#8220;0px||0px||false|false&#8220; custom_padding=&#8220;0px||0px||false|false&#8220; animation_style=&#8220;fade&#8220; animation_direction=&#8220;bottom&#8220; animation_duration=&#8220;600ms&#8220; animation_delay=&#8220;600ms&#8220; animation_speed_curve=&#8220;ease-out&#8220; global_colors_info=&#8220;{}&#8220;][et_pb_column type=&#8220;4_4&#8243; _builder_version=&#8220;4.27.4&#8243; _module_preset=&#8220;default&#8220; global_colors_info=&#8220;{}&#8220;][et_pb_text _builder_version=&#8220;4.27.5&#8243; _module_preset=&#8220;default&#8220; header_font_size=&#8220;48px&#8220; header_3_font=&#8220;Manrope SemiBold||||||||&#8220; header_3_font_size=&#8220;80px&#8220; custom_margin=&#8220;0px||32px||false|false&#8220; custom_margin_tablet=&#8220;||28px||false|false&#8220; custom_margin_phone=&#8220;||24px||false|false&#8220; custom_margin_last_edited=&#8220;on|phone&#8220; custom_padding=&#8220;0px||0px||false|false&#8220; hover_enabled=&#8220;0&#8243; header_font_size_tablet=&#8220;40px&#8220; header_font_size_phone=&#8220;32px&#8220; header_font_size_last_edited=&#8220;on|phone&#8220; header_3_font_size_tablet=&#8220;64px&#8220; header_3_font_size_phone=&#8220;48px&#8220; header_3_font_size_last_edited=&#8220;on|phone&#8220; global_colors_info=&#8220;{}&#8220; sticky_enabled=&#8220;0&#8243;]<\/p>\n<h1>Terms of Service<\/h1>\n<p>[\/et_pb_text][et_pb_text module_class=&#8220;with-title&#8220; _builder_version=&#8220;4.27.5&#8243; _module_preset=&#8220;default&#8220; text_font_size=&#8220;18px&#8220; header_2_text_color=&#8220;#FF5F9B&#8220; header_2_font_size=&#8220;22px&#8220; custom_margin=&#8220;0px||0px||false|false&#8220; custom_margin_tablet=&#8220;||||false|false&#8220; custom_margin_phone=&#8220;||||false|false&#8220; custom_margin_last_edited=&#8220;off|desktop&#8220; custom_padding=&#8220;0px||0px||false|false&#8220; hover_enabled=&#8220;0&#8243; text_font_size_tablet=&#8220;17px&#8220; text_font_size_phone=&#8220;16px&#8220; text_font_size_last_edited=&#8220;on|desktop&#8220; header_2_font_size_tablet=&#8220;20px&#8220; header_2_font_size_phone=&#8220;18px&#8220; header_2_font_size_last_edited=&#8220;on|desktop&#8220; global_colors_info=&#8220;{}&#8220; sticky_enabled=&#8220;0&#8243;]<\/p>\n<p><em>Last update: 30.12.2025<\/em><\/p>\n<h2>1. Use of the website<\/h2>\n<p>By accessing bytheway.studio, you agree to these terms.<br \/>The website must be used lawfully and respectfully.<\/p>\n<h2>2. Intellectual property<\/h2>\n<p>All content (texts, images, logos) is protected and remains the property of bytheway.studio.<br \/>Any unauthorized reproduction is prohibited.<\/p>\n<h2>3. Liability<\/h2>\n<p>The website is provided \u201cas is\u201d, without warranty.<br \/>bytheway.studio shall not be liable for damages arising from the use of the website.<\/p>\n<h2>4. External links<\/h2>\n<p>The website may contain links to third-party websites. We are not responsible for their content.<\/p>\n<h2>5. Governing law<\/h2>\n<p>These terms are governed by Swiss law.<\/p>\n<p>[\/et_pb_text][\/et_pb_column][\/et_pb_row][\/et_pb_section]<\/p>\n","protected":false},"excerpt":{"rendered":"<p>Terms of ServiceLast update: 30.12.2025 1. Use of the website By accessing bytheway.studio, you agree to these terms.The website must be used lawfully and respectfully. 2. Intellectual property All content (texts, images, logos) is protected and remains the property of bytheway.studio.Any unauthorized reproduction is prohibited. 3. Liability The website is provided \u201cas is\u201d, without warranty.bytheway.studio [&hellip;]<\/p>\n","protected":false},"author":1,"featured_media":0,"parent":0,"menu_order":0,"comment_status":"closed","ping_status":"closed","template":"","meta":{"_et_pb_use_builder":"on","_et_pb_old_content":"[et_pb_section fb_built=\"1\" custom_padding_last_edited=\"on|desktop\" _builder_version=\"4.27.5\" _module_preset=\"default\" custom_margin=\"0px||0px||false|false\" custom_padding=\"90px|32px|100px|32px|false|true\" custom_padding_tablet=\"70px|24px|80px|24px|false|true\" custom_padding_phone=\"|16px||16px|false|true\" global_colors_info=\"{}\"][et_pb_row _builder_version=\"4.27.5\" _module_preset=\"default\" max_width=\"846px\" custom_margin=\"0px||0px||false|false\" custom_padding=\"0px||0px||false|false\" animation_style=\"fade\" animation_direction=\"bottom\" animation_duration=\"600ms\" animation_delay=\"600ms\" animation_speed_curve=\"ease-out\" hover_enabled=\"0\" global_colors_info=\"{}\" sticky_enabled=\"0\"][et_pb_column type=\"4_4\" _builder_version=\"4.27.4\" _module_preset=\"default\" global_colors_info=\"{}\"][et_pb_text _builder_version=\"4.27.5\" _module_preset=\"default\" header_font_size=\"48px\" header_3_font=\"Manrope SemiBold||||||||\" header_3_font_size=\"80px\" custom_margin=\"0px||32px||false|false\" custom_margin_tablet=\"||28px||false|false\" custom_margin_phone=\"||24px||false|false\" custom_margin_last_edited=\"on|phone\" custom_padding=\"0px||0px||false|false\" header_font_size_tablet=\"40px\" header_font_size_phone=\"32px\" header_font_size_last_edited=\"on|phone\" header_3_font_size_tablet=\"64px\" header_3_font_size_phone=\"48px\" header_3_font_size_last_edited=\"on|phone\" global_colors_info=\"{}\"]\n<h1>Conditions d\u2019utilisation<\/h1>\n[\/et_pb_text][et_pb_text module_class=\"with-title\" _builder_version=\"4.27.5\" _module_preset=\"default\" text_font_size=\"18px\" header_2_text_color=\"#FF5F9B\" header_2_font_size=\"22px\" custom_margin=\"0px||0px||false|false\" custom_margin_tablet=\"||||false|false\" custom_margin_phone=\"||||false|false\" custom_margin_last_edited=\"off|desktop\" custom_padding=\"0px||0px||false|false\" text_font_size_tablet=\"17px\" text_font_size_phone=\"16px\" text_font_size_last_edited=\"on|desktop\" header_2_font_size_tablet=\"20px\" header_2_font_size_phone=\"18px\" header_2_font_size_last_edited=\"on|desktop\" global_colors_info=\"{}\"]\n\n<em>Derni\u00e8re mise \u00e0 jour : 30.12.2025<\/em>\n<h2>1. Utilisation du site<\/h2>\nEn acc\u00e9dant \u00e0 bytheway.studio, tu acceptes les pr\u00e9sentes conditions.\nLe site doit \u00eatre utilis\u00e9 de mani\u00e8re l\u00e9gale et respectueuse.\n<h2>2. Propri\u00e9t\u00e9 intellectuelle<\/h2>\nL\u2019ensemble des contenus (textes, images, logos) est prot\u00e9g\u00e9 et reste la propri\u00e9t\u00e9 de bytheway.studio.\nToute reproduction sans autorisation est interdite.\n<h2>3. Responsabilit\u00e9<\/h2>\nLe site est fourni \u00ab tel quel \u00bb, sans garantie.\nbytheway.studio ne peut \u00eatre tenu responsable de dommages r\u00e9sultant de l\u2019utilisation du site.\n<h2>4. Liens externes<\/h2>\nLe site peut contenir des liens vers des sites tiers dont le contenu n\u2019est pas sous notre contr\u00f4le.\n<h2>5. Droit applicable<\/h2>\nLes pr\u00e9sentes conditions sont soumises au droit suisse.\n\n[\/et_pb_text][\/et_pb_column][\/et_pb_row][\/et_pb_section]","_et_gb_content_width":"","footnotes":""},"class_list":["post-990","page","type-page","status-publish","hentry"],"_links":{"self":[{"href":"https:\/\/bytheway.studio\/de\/wp-json\/wp\/v2\/pages\/990","targetHints":{"allow":["GET"]}}],"collection":[{"href":"https:\/\/bytheway.studio\/de\/wp-json\/wp\/v2\/pages"}],"about":[{"href":"https:\/\/bytheway.studio\/de\/wp-json\/wp\/v2\/types\/page"}],"author":[{"embeddable":true,"href":"https:\/\/bytheway.studio\/de\/wp-json\/wp\/v2\/users\/1"}],"replies":[{"embeddable":true,"href":"https:\/\/bytheway.studio\/de\/wp-json\/wp\/v2\/comments?post=990"}],"version-history":[{"count":9,"href":"https:\/\/bytheway.studio\/de\/wp-json\/wp\/v2\/pages\/990\/revisions"}],"predecessor-version":[{"id":999,"href":"https:\/\/bytheway.studio\/de\/wp-json\/wp\/v2\/pages\/990\/revisions\/999"}],"wp:attachment":[{"href":"https:\/\/bytheway.studio\/de\/wp-json\/wp\/v2\/media?parent=990"}],"curies":[{"name":"wp","href":"https:\/\/api.w.org\/{rel}","templated":true}]}}